{"id":60,"date":"2020-05-12T13:55:11","date_gmt":"2020-05-12T13:55:11","guid":{"rendered":"https:\/\/munichbowlingcoaches.de\/wordpress\/?page_id=60"},"modified":"2024-09-18T10:22:14","modified_gmt":"2024-09-18T10:22:14","slug":"ueber-mich","status":"publish","type":"page","link":"https:\/\/munichbowlingcoaches.de\/?page_id=60","title":{"rendered":"\u00dcber mich &#8230;"},"content":{"rendered":"\n<p><em>Bowling spiele ich seit \u00fcber 40 Jahren. Wirklich gelernt habe ich das Spielen aber erst, nachdem ich durch den Erwerb des Trainerscheins vieles anders gesehen habe. Ein guter Freund war der Meinung ich k\u00f6nnte ein guter Lehrer und ein guter Funktion\u00e4r sein. Ihm habe ich es zu verdanken, dass ich seit meiner Clubbetreuer-Ausbildung (vor nunmehr \u00fcber 25 Jahren) als Trainer t\u00e4tig sein darf.<\/em><\/p>\n\n\n<div class=\"wp-block-image\">\n<figure class=\"alignright size-large is-resized\"><img fetchpriority=\"high\" decoding=\"async\" width=\"724\" height=\"1024\" src=\"https:\/\/munichbowlingcoaches.de\/wp-content\/uploads\/2020\/05\/Foto-Flyer-Peter-724x1024.jpg\" alt=\"\" class=\"wp-image-117\" style=\"width:223px;height:315px\" srcset=\"https:\/\/munichbowlingcoaches.de\/wp-content\/uploads\/2020\/05\/Foto-Flyer-Peter-724x1024.jpg 724w, https:\/\/munichbowlingcoaches.de\/wp-content\/uploads\/2020\/05\/Foto-Flyer-Peter-212x300.jpg 212w, https:\/\/munichbowlingcoaches.de\/wp-content\/uploads\/2020\/05\/Foto-Flyer-Peter-768x1086.jpg 768w, https:\/\/munichbowlingcoaches.de\/wp-content\/uploads\/2020\/05\/Foto-Flyer-Peter-1086x1536.jpg 1086w, https:\/\/munichbowlingcoaches.de\/wp-content\/uploads\/2020\/05\/Foto-Flyer-Peter.jpg 1434w\" sizes=\"(max-width: 724px) 100vw, 724px\" \/><\/figure>\n<\/div>\n\n\n<p><em>Bowlingtrainer (C-Lizenz bzw. \u00dcbungsleiter) bin ich seit 1998, die B-Trainer-Ausbildung habe ich 2001 gemacht. Zus\u00e4tzlich habe ich weitere Lizenzen bei der USBC (Grundlagen bzw. Bronze-Level) und der EBF (Level I) gemacht.<\/em><\/p>\n\n\n\n<p><em>Ich war viele Jahre als Trainer und Juniorenwart in M\u00fcnchen, als Landestrainer f\u00fcr die Junioren in Bayern, sowie als Landeslehrwart im Bayerischen Sportkegler Verband (BSKV), als dieser verantwortlich f\u00fcr die Aus- und Weiterbildung der Bowlingtrainer, t\u00e4tig.<\/em><\/p>\n\n\n\n<p><em>Ich war unter anderem Trainer der Europameisterin und mehrfachen Deutschen und Bayerischen Meisterin Beate Piel.<\/em><\/p>\n\n\n\n<p><em>Au\u00dferdem Trainer der mehrfachen Deutschen und Bayerischen Meisterin Stefanie Gschrey (heute Maru).<\/em><\/p>\n\n\n\n<p><em>Einige Jahre habe ich als Coach die Damenmannschaft des BC Bajuwaren M\u00fcnchen in die 2. Bundesliga S\u00fcd f\u00fchren und dort betreuen d\u00fcrfen.<\/em><\/p>\n\n\n\n<p><em>Nachdem ich geraume Zeit in offizieller Funktion pausiert habe, bin ich heute Trainer des Bowlingvereins BV Munich Mavericks (https:\/\/bv-mm.de<\/em>) <em>und hier au\u00dferdem f\u00fcr die Ausstattung mit Ballmaterial verantwortlich.<\/em> <\/p>\n\n\n\n<p><\/p>\n","protected":false},"excerpt":{"rendered":"<p>Bowling spiele ich seit \u00fcber 40 Jahren. Wirklich gelernt habe ich das Spielen aber erst, nachdem ich durch den Erwerb des Trainerscheins vieles anders gesehen habe. Ein guter Freund war der Meinung ich k\u00f6nnte ein guter Lehrer und ein guter Funktion\u00e4r sein. Ihm habe ich es zu verdanken, dass ich seit meiner Clubbetreuer-Ausbildung (vor nunmehr [&hellip;]<\/p>\n","protected":false},"author":1,"featured_media":0,"parent":0,"menu_order":0,"comment_status":"closed","ping_status":"closed","template":"","meta":{"ocean_post_layout":"","ocean_both_sidebars_style":"","ocean_both_sidebars_content_width":0,"ocean_both_sidebars_sidebars_width":0,"ocean_sidebar":"0","ocean_second_sidebar":"0","ocean_disable_margins":"enable","ocean_add_body_class":"","ocean_shortcode_before_top_bar":"","ocean_shortcode_after_top_bar":"","ocean_shortcode_before_header":"","ocean_shortcode_after_header":"","ocean_has_shortcode":"","ocean_shortcode_after_title":"","ocean_shortcode_before_footer_widgets":"","ocean_shortcode_after_footer_widgets":"","ocean_shortcode_before_footer_bottom":"","ocean_shortcode_after_footer_bottom":"","ocean_display_top_bar":"default","ocean_display_header":"default","ocean_header_style":"","ocean_center_header_left_menu":"0","ocean_custom_header_template":"0","ocean_custom_logo":0,"ocean_custom_retina_logo":0,"ocean_custom_logo_max_width":0,"ocean_custom_logo_tablet_max_width":0,"ocean_custom_logo_mobile_max_width":0,"ocean_custom_logo_max_height":0,"ocean_custom_logo_tablet_max_height":0,"ocean_custom_logo_mobile_max_height":0,"ocean_header_custom_menu":"0","ocean_menu_typo_font_family":"0","ocean_menu_typo_font_subset":"","ocean_menu_typo_font_size":0,"ocean_menu_typo_font_size_tablet":0,"ocean_menu_typo_font_size_mobile":0,"ocean_menu_typo_font_size_unit":"px","ocean_menu_typo_font_weight":"","ocean_menu_typo_font_weight_tablet":"","ocean_menu_typo_font_weight_mobile":"","ocean_menu_typo_transform":"","ocean_menu_typo_transform_tablet":"","ocean_menu_typo_transform_mobile":"","ocean_menu_typo_line_height":0,"ocean_menu_typo_line_height_tablet":0,"ocean_menu_typo_line_height_mobile":0,"ocean_menu_typo_line_height_unit":"","ocean_menu_typo_spacing":0,"ocean_menu_typo_spacing_tablet":0,"ocean_menu_typo_spacing_mobile":0,"ocean_menu_typo_spacing_unit":"","ocean_menu_link_color":"","ocean_menu_link_color_hover":"","ocean_menu_link_color_active":"","ocean_menu_link_background":"","ocean_menu_link_hover_background":"","ocean_menu_link_active_background":"","ocean_menu_social_links_bg":"","ocean_menu_social_hover_links_bg":"","ocean_menu_social_links_color":"","ocean_menu_social_hover_links_color":"","ocean_disable_title":"default","ocean_disable_heading":"default","ocean_post_title":"","ocean_post_subheading":"","ocean_post_title_style":"","ocean_post_title_background_color":"","ocean_post_title_background":0,"ocean_post_title_bg_image_position":"","ocean_post_title_bg_image_attachment":"","ocean_post_title_bg_image_repeat":"","ocean_post_title_bg_image_size":"","ocean_post_title_height":0,"ocean_post_title_bg_overlay":0.5,"ocean_post_title_bg_overlay_color":"","ocean_disable_breadcrumbs":"default","ocean_breadcrumbs_color":"","ocean_breadcrumbs_separator_color":"","ocean_breadcrumbs_links_color":"","ocean_breadcrumbs_links_hover_color":"","ocean_display_footer_widgets":"default","ocean_display_footer_bottom":"default","ocean_custom_footer_template":"0","footnotes":""},"class_list":["post-60","page","type-page","status-publish","hentry","entry"],"_links":{"self":[{"href":"https:\/\/munichbowlingcoaches.de\/index.php?rest_route=\/wp\/v2\/pages\/60","targetHints":{"allow":["GET"]}}],"collection":[{"href":"https:\/\/munichbowlingcoaches.de\/index.php?rest_route=\/wp\/v2\/pages"}],"about":[{"href":"https:\/\/munichbowlingcoaches.de\/index.php?rest_route=\/wp\/v2\/types\/page"}],"author":[{"embeddable":true,"href":"https:\/\/munichbowlingcoaches.de\/index.php?rest_route=\/wp\/v2\/users\/1"}],"replies":[{"embeddable":true,"href":"https:\/\/munichbowlingcoaches.de\/index.php?rest_route=%2Fwp%2Fv2%2Fcomments&post=60"}],"version-history":[{"count":4,"href":"https:\/\/munichbowlingcoaches.de\/index.php?rest_route=\/wp\/v2\/pages\/60\/revisions"}],"predecessor-version":[{"id":170,"href":"https:\/\/munichbowlingcoaches.de\/index.php?rest_route=\/wp\/v2\/pages\/60\/revisions\/170"}],"wp:attachment":[{"href":"https:\/\/munichbowlingcoaches.de\/index.php?rest_route=%2Fwp%2Fv2%2Fmedia&parent=60"}],"curies":[{"name":"wp","href":"https:\/\/api.w.org\/{rel}","templated":true}]}}