{"id":6,"date":"2020-05-08T10:11:44","date_gmt":"2020-05-08T10:11:44","guid":{"rendered":"https:\/\/munichbowlingcoaches.de\/wordpress\/?page_id=2"},"modified":"2023-08-21T10:51:43","modified_gmt":"2023-08-21T10:51:43","slug":"sample-page-2","status":"publish","type":"page","link":"https:\/\/munichbowlingcoaches.de\/?page_id=6","title":{"rendered":""},"content":{"rendered":"\n<h3 class=\"wp-block-heading\">Ich kann Ihnen anbieten &#8230;<\/h3>\n\n\n\n<p>verschiedene M\u00f6glichkeiten Bowling zu lernen, Bowling zu erfahren oder Ihr Bowling zu verbessern bzw. zu perfektionieren.<\/p>\n\n\n\n<p>Meine &#8222;Heim-Anlagen&#8220; sind der Dream Bowl Palace in Unterf\u00f6hring und die 5005 Bowling in Olching.<\/p>\n\n\n\n<p>Selbstverst\u00e4ndlich bin ich aber auch gerne auf den anderen Anlagen im Raum M\u00fcnchen f\u00fcr Sie da. Kurse gebe ich nach Vereinbarung aber \u00fcberall, wo Sie mich brauchen.<\/p>\n\n\n\n<h2 class=\"wp-block-heading\"><strong>Bowlingschule<\/strong><\/h2>\n\n\n\n<p><em>f\u00fcr Anf\u00e4nger(gruppen) &#8211; f\u00fcr Jugend(gruppen) <\/em><\/p>\n\n\n\n<p>Preis (ohne Bahnenmiete) gilt f\u00fcr eine Doppelstunde ( 90 Minuten )<\/p>\n\n\n\n<p>\u20ac 60,00  (auf der 5005 Bowling in Olching)<\/p>\n\n\n\n<p>\u20ac 70,00 (auf allen anderen Anlagen im Raum M\u00fcnchen)<\/p>\n\n\n\n<p>F\u00fcr Anlagen in gr\u00f6\u00dferen Entfernungen Konditionen bitte auf Anfrage.<\/p>\n\n\n\n<p><\/p>\n\n\n\n<h2 class=\"wp-block-heading\"><strong>Bowlingtraining<\/strong><\/h2>\n\n\n\n<p><em>f\u00fcr Anf\u00e4nger, Fortgeschrittene, Sportbowler<\/em><\/p>\n\n\n\n<p>Preis (ohne Bahnenmiete) gilt f\u00fcr eine Doppelstunde ( 120 Minuten )<\/p>\n\n\n\n<p>\u20ac 70,00  (auf der 5005 Bowling in Olching)<\/p>\n\n\n\n<p>\u20ac 80,00 (auf allen anderen Anlagen im Raum M\u00fcnchen)<\/p>\n\n\n\n<p>F\u00fcr Anlagen in gr\u00f6\u00dferen Entfernungen Konditionen bitte auf Anfrage.<\/p>\n\n\n\n<p><\/p>\n\n\n\n<p>Sie ben\u00f6tigen zus\u00e4tzlich Hilfe in Bowlingtheorie (z.B. \u00d6lbilder lesen und spielen, Anpassungen an die Bahn, Wissen \u00fcber Ballmaterial). Hier gelten in der Regel die gleichen Konditionen &#8211; fragen Sie gerne an.<\/p>\n\n\n\n<h2 class=\"wp-block-heading\"><strong>Lehrg\u00e4nge<\/strong><\/h2>\n\n\n\n<p>Ich plane und f\u00fchre Lehrg\u00e4nge durch auf einer Anlage Ihrer Wahl. Sie teilen mir mit, was Sie sich vorstellen, wie gro\u00df die Gruppe sein soll und ich mache Ihnen gerne ein Angebot &#8211; selbstverst\u00e4ndlich inklusive Reisekosten und \u00e4hnliches. Sie m\u00fcssten sich auf Ihrer Heimbahn bitte nur um die Bahnen und bei Bedarf um einen Schulungsraum k\u00fcmmern.<\/p>\n\n\n\n<h2 class=\"wp-block-heading\"><strong>Veranstaltungen<\/strong><\/h2>\n\n\n\n<p>Gerne betreue ich Ihre Firmenfeier oder sonstige Veranstaltung, die Bowling spielen beinhaltet.<\/p>\n\n\n\n<p>Ich helfe bei der Ballwahl, zeige und erkl\u00e4re wie alles funktioniert, f\u00fchre vor wie Bowling gespielt wird und bin auf Wunsch auch behilflich bei einem Spiel einen Sieger zu ermitteln.<\/p>\n\n\n\n<h2 class=\"wp-block-heading\"><strong>Pro Shop<\/strong><\/h2>\n\n\n\n<p>Ich \u00fcberpr\u00fcfe Ihr Ballmaterial, berate Sie bei Bohrung, Layout und allgemein bei der Wahl eines neuen Balles bzw. sonstigen Zubeh\u00f6rs. Bei fortgeschrittenen Spielern helfe ich auf Wunsch das Sortiment zu perfektionieren. Selbstverst\u00e4ndlich besorge ich Ihnen sehr gerne alles Notwendige und biete auch den dazugeh\u00f6rigen Bohrservice an. Ich kann Ihnen aber nat\u00fcrlich auch beim Kauf in einem \u00f6rtlichen Pro Shop beratend zur Seite stehen.<\/p>\n","protected":false},"excerpt":{"rendered":"<p>Ich kann Ihnen anbieten &#8230; verschiedene M\u00f6glichkeiten Bowling zu lernen, Bowling zu erfahren oder Ihr Bowling zu verbessern bzw. zu perfektionieren. Meine &#8222;Heim-Anlagen&#8220; sind der Dream Bowl Palace in Unterf\u00f6hring und die 5005 Bowling in Olching. Selbstverst\u00e4ndlich bin ich aber auch gerne auf den anderen Anlagen im Raum M\u00fcnchen f\u00fcr Sie da. Kurse gebe ich [&hellip;]<\/p>\n","protected":false},"author":1,"featured_media":0,"parent":0,"menu_order":0,"comment_status":"closed","ping_status":"closed","template":"","meta":{"ocean_post_layout":"","ocean_both_sidebars_style":"","ocean_both_sidebars_content_width":0,"ocean_both_sidebars_sidebars_width":0,"ocean_sidebar":"0","ocean_second_sidebar":"0","ocean_disable_margins":"enable","ocean_add_body_class":"","ocean_shortcode_before_top_bar":"","ocean_shortcode_after_top_bar":"","ocean_shortcode_before_header":"","ocean_shortcode_after_header":"","ocean_has_shortcode":"","ocean_shortcode_after_title":"","ocean_shortcode_before_footer_widgets":"","ocean_shortcode_after_footer_widgets":"","ocean_shortcode_before_footer_bottom":"","ocean_shortcode_after_footer_bottom":"","ocean_display_top_bar":"default","ocean_display_header":"default","ocean_header_style":"","ocean_center_header_left_menu":"0","ocean_custom_header_template":"0","ocean_custom_logo":0,"ocean_custom_retina_logo":0,"ocean_custom_logo_max_width":0,"ocean_custom_logo_tablet_max_width":0,"ocean_custom_logo_mobile_max_width":0,"ocean_custom_logo_max_height":0,"ocean_custom_logo_tablet_max_height":0,"ocean_custom_logo_mobile_max_height":0,"ocean_header_custom_menu":"0","ocean_menu_typo_font_family":"0","ocean_menu_typo_font_subset":"","ocean_menu_typo_font_size":0,"ocean_menu_typo_font_size_tablet":0,"ocean_menu_typo_font_size_mobile":0,"ocean_menu_typo_font_size_unit":"px","ocean_menu_typo_font_weight":"","ocean_menu_typo_font_weight_tablet":"","ocean_menu_typo_font_weight_mobile":"","ocean_menu_typo_transform":"","ocean_menu_typo_transform_tablet":"","ocean_menu_typo_transform_mobile":"","ocean_menu_typo_line_height":0,"ocean_menu_typo_line_height_tablet":0,"ocean_menu_typo_line_height_mobile":0,"ocean_menu_typo_line_height_unit":"","ocean_menu_typo_spacing":0,"ocean_menu_typo_spacing_tablet":0,"ocean_menu_typo_spacing_mobile":0,"ocean_menu_typo_spacing_unit":"","ocean_menu_link_color":"","ocean_menu_link_color_hover":"","ocean_menu_link_color_active":"","ocean_menu_link_background":"","ocean_menu_link_hover_background":"","ocean_menu_link_active_background":"","ocean_menu_social_links_bg":"","ocean_menu_social_hover_links_bg":"","ocean_menu_social_links_color":"","ocean_menu_social_hover_links_color":"","ocean_disable_title":"default","ocean_disable_heading":"default","ocean_post_title":"","ocean_post_subheading":"","ocean_post_title_style":"","ocean_post_title_background_color":"","ocean_post_title_background":0,"ocean_post_title_bg_image_position":"","ocean_post_title_bg_image_attachment":"","ocean_post_title_bg_image_repeat":"","ocean_post_title_bg_image_size":"","ocean_post_title_height":0,"ocean_post_title_bg_overlay":0.5,"ocean_post_title_bg_overlay_color":"","ocean_disable_breadcrumbs":"default","ocean_breadcrumbs_color":"","ocean_breadcrumbs_separator_color":"","ocean_breadcrumbs_links_color":"","ocean_breadcrumbs_links_hover_color":"","ocean_display_footer_widgets":"default","ocean_display_footer_bottom":"default","ocean_custom_footer_template":"0","footnotes":""},"class_list":["post-6","page","type-page","status-publish","hentry","entry"],"_links":{"self":[{"href":"https:\/\/munichbowlingcoaches.de\/index.php?rest_route=\/wp\/v2\/pages\/6","targetHints":{"allow":["GET"]}}],"collection":[{"href":"https:\/\/munichbowlingcoaches.de\/index.php?rest_route=\/wp\/v2\/pages"}],"about":[{"href":"https:\/\/munichbowlingcoaches.de\/index.php?rest_route=\/wp\/v2\/types\/page"}],"author":[{"embeddable":true,"href":"https:\/\/munichbowlingcoaches.de\/index.php?rest_route=\/wp\/v2\/users\/1"}],"replies":[{"embeddable":true,"href":"https:\/\/munichbowlingcoaches.de\/index.php?rest_route=%2Fwp%2Fv2%2Fcomments&post=6"}],"version-history":[{"count":4,"href":"https:\/\/munichbowlingcoaches.de\/index.php?rest_route=\/wp\/v2\/pages\/6\/revisions"}],"predecessor-version":[{"id":168,"href":"https:\/\/munichbowlingcoaches.de\/index.php?rest_route=\/wp\/v2\/pages\/6\/revisions\/168"}],"wp:attachment":[{"href":"https:\/\/munichbowlingcoaches.de\/index.php?rest_route=%2Fwp%2Fv2%2Fmedia&parent=6"}],"curies":[{"name":"wp","href":"https:\/\/api.w.org\/{rel}","templated":true}]}}